{"id":196,"date":"2021-08-22T10:26:55","date_gmt":"2021-08-22T10:26:55","guid":{"rendered":"https:\/\/nova.progression.hu\/wpsite\/?page_id=196"},"modified":"2021-11-22T12:51:11","modified_gmt":"2021-11-22T12:51:11","slug":"kapcsolat","status":"publish","type":"page","link":"https:\/\/nova.progression.hu\/wpsite\/?page_id=196","title":{"rendered":"Kapcsolat"},"content":{"rendered":"\t\t<div data-elementor-type=\"wp-page\" data-elementor-id=\"196\" class=\"elementor elementor-196\">\n\t\t\t\t\t\t<section class=\"elementor-section elementor-top-section elementor-element elementor-element-2d49317 elementor-section-boxed elementor-section-height-default elementor-section-height-default\" data-id=\"2d49317\" data-element_type=\"section\" data-e-type=\"section\" data-settings=\"{&quot;background_background&quot;:&quot;classic&quot;}\">\n\t\t\t\t\t\t<div class=\"elementor-container elementor-column-gap-default\">\n\t\t\t\t\t<div class=\"elementor-column elementor-col-100 elementor-top-column elementor-element elementor-element-b79c822\" data-id=\"b79c822\" data-element_type=\"column\" data-e-type=\"column\">\n\t\t\t<div class=\"elementor-widget-wrap elementor-element-populated\">\n\t\t\t\t\t\t<div class=\"elementor-element elementor-element-7b099fd elementor-widget elementor-widget-heading\" data-id=\"7b099fd\" data-element_type=\"widget\" data-e-type=\"widget\" data-widget_type=\"heading.default\">\n\t\t\t\t<div class=\"elementor-widget-container\">\n\t\t\t\t\t<h3 class=\"elementor-heading-title elementor-size-default\">Progression Informatikai Kft.<\/h3>\t\t\t\t<\/div>\n\t\t\t\t<\/div>\n\t\t\t\t\t<\/div>\n\t\t<\/div>\n\t\t\t\t\t<\/div>\n\t\t<\/section>\n\t\t\t\t<section class=\"elementor-section elementor-top-section elementor-element elementor-element-957a22b elementor-section-boxed elementor-section-height-default elementor-section-height-default elementor-invisible\" data-id=\"957a22b\" data-element_type=\"section\" data-e-type=\"section\" data-settings=\"{&quot;animation&quot;:&quot;fadeInUp&quot;}\">\n\t\t\t\t\t\t\t<div class=\"elementor-background-overlay\"><\/div>\n\t\t\t\t\t\t\t<div class=\"elementor-container elementor-column-gap-default\">\n\t\t\t\t\t<div class=\"elementor-column elementor-col-100 elementor-top-column elementor-element elementor-element-fff117c\" data-id=\"fff117c\" data-element_type=\"column\" data-e-type=\"column\">\n\t\t\t<div class=\"elementor-widget-wrap elementor-element-populated\">\n\t\t\t\t\t\t<section class=\"elementor-section elementor-inner-section elementor-element elementor-element-86feffd elementor-section-boxed elementor-section-height-default elementor-section-height-default\" data-id=\"86feffd\" data-element_type=\"section\" data-e-type=\"section\">\n\t\t\t\t\t\t\t<div class=\"elementor-background-overlay\"><\/div>\n\t\t\t\t\t\t\t<div class=\"elementor-container elementor-column-gap-default\">\n\t\t\t\t\t<div class=\"elementor-column elementor-col-50 elementor-inner-column elementor-element elementor-element-4d55b06\" data-id=\"4d55b06\" data-element_type=\"column\" data-e-type=\"column\">\n\t\t\t<div class=\"elementor-widget-wrap elementor-element-populated\">\n\t\t\t\t\t\t<div class=\"elementor-element elementor-element-1aa5b1e elementor-widget elementor-widget-text-editor\" data-id=\"1aa5b1e\" data-element_type=\"widget\" data-e-type=\"widget\" data-widget_type=\"text-editor.default\">\n\t\t\t\t<div class=\"elementor-widget-container\">\n\t\t\t\t\t\t\t\t\t<p><span data-ccp-props=\"{\">\u00a0<\/span><span data-contrast=\"auto\">C\u00edm:\u202f \u202f\u00a0\u202f \u202f \u202f \u202f \u202f \u202f \u202f 1147 Budapest, L\u0151csei \u00fat 86.<\/span><span data-ccp-props=\"{\">\u00a0<\/span><\/p><p><span data-contrast=\"auto\">\u00a0E-mail:\u202f \u202f \u202f \u202f \u202f \u202f \u202f \u202f\u00a0 \u00a0\u00a0 \u00a0\u00a0 \u00a0\u00a0 \u00a0<\/span><a href=\"mailto:info@progression.hu\"><span data-contrast=\"none\">info@progression.hu<\/span><\/a><span data-ccp-props=\"{\">\u00a0<\/span><\/p><p><span data-contrast=\"auto\">\u00a0Telefon:\u202f \u202f \u202f \u202f \u202f \u202f \u202f\u00a0 \u00a0 \u00a0 \u00a0 \u00a0 \u00a0 \u00a0 \u00a0 \u00a0+36 (1) 799 79 30<\/span><\/p><p><span data-contrast=\"auto\">\u00a0Ad\u00f3sz\u00e1m:\u202f \u202f \u202f \u202f \u202f\u00a0 \u00a0 \u00a0 \u00a0 \u00a0 \u00a0 \u00a0 \u00a0 \u00a0 \u00a0 \u202f12378047-2-42<\/span><span data-ccp-props=\"{\">\u00a0<\/span><\/p><p><span data-contrast=\"auto\">\u00a0C\u00e9gjegyz\u00e9ksz\u00e1m:\u202f\u00a0 \u00a0 \u00a0 \u00a0 \u00a0 \u00a0 \u00a0 \u00a001-09-672259<\/span><span data-ccp-props=\"{\">\u00a0<\/span><\/p>\t\t\t\t\t\t\t\t<\/div>\n\t\t\t\t<\/div>\n\t\t\t\t\t<\/div>\n\t\t<\/div>\n\t\t\t\t<div class=\"elementor-column elementor-col-50 elementor-inner-column elementor-element elementor-element-a06ddad\" data-id=\"a06ddad\" data-element_type=\"column\" data-e-type=\"column\">\n\t\t\t<div class=\"elementor-widget-wrap elementor-element-populated\">\n\t\t\t\t\t\t<div class=\"elementor-element elementor-element-138d693 elementor-widget elementor-widget-text-editor\" data-id=\"138d693\" data-element_type=\"widget\" data-e-type=\"widget\" data-widget_type=\"text-editor.default\">\n\t\t\t\t<div class=\"elementor-widget-container\">\n\t\t\t\t\t\t\t\t\t<p>H\u00edvhat\u00f3:\u00a0<\/p><ul><li>H\u00e9tf\u0151 08:00 &#8211; 17:00<\/li><li>Kedd 08:00 &#8211; 17:00<\/li><li>Szerda 08:00 &#8211; 17:00<\/li><li>Cs\u00fct\u00f6rt\u00f6k 08:00 &#8211; 17:00<\/li><li>P\u00e9ntek 08:00 &#8211; 17:00<\/li><\/ul>\t\t\t\t\t\t\t\t<\/div>\n\t\t\t\t<\/div>\n\t\t\t\t\t<\/div>\n\t\t<\/div>\n\t\t\t\t\t<\/div>\n\t\t<\/section>\n\t\t\t\t\t<\/div>\n\t\t<\/div>\n\t\t\t\t\t<\/div>\n\t\t<\/section>\n\t\t\t\t<section class=\"elementor-section elementor-top-section elementor-element elementor-element-5c9dc91 elementor-section-full_width elementor-section-height-default elementor-section-height-default elementor-invisible\" data-id=\"5c9dc91\" data-element_type=\"section\" data-e-type=\"section\" data-settings=\"{&quot;animation&quot;:&quot;fadeInUp&quot;}\">\n\t\t\t\t\t\t<div class=\"elementor-container elementor-column-gap-default\">\n\t\t\t\t\t<div class=\"elementor-column elementor-col-100 elementor-top-column elementor-element elementor-element-a44814e\" data-id=\"a44814e\" data-element_type=\"column\" data-e-type=\"column\">\n\t\t\t<div class=\"elementor-widget-wrap elementor-element-populated\">\n\t\t\t\t\t\t<div class=\"elementor-element elementor-element-3b044d8 elementor-widget elementor-widget-google_maps\" data-id=\"3b044d8\" data-element_type=\"widget\" data-e-type=\"widget\" data-widget_type=\"google_maps.default\">\n\t\t\t\t<div class=\"elementor-widget-container\">\n\t\t\t\t\t\t\t<div class=\"elementor-custom-embed\">\n\t\t\t<iframe loading=\"lazy\"\n\t\t\t\t\tsrc=\"https:\/\/maps.google.com\/maps?q=Progression%20Informatikai%20Kft.%201147%20Budapest%2C%20L%C5%91csei%20%C3%BAt%2086.&#038;t=m&#038;z=10&#038;output=embed&#038;iwloc=near\"\n\t\t\t\t\ttitle=\"Progression Informatikai Kft. 1147 Budapest, L\u0151csei \u00fat 86.\"\n\t\t\t\t\taria-label=\"Progression Informatikai Kft. 1147 Budapest, L\u0151csei \u00fat 86.\"\n\t\t\t><\/iframe>\n\t\t<\/div>\n\t\t\t\t\t\t<\/div>\n\t\t\t\t<\/div>\n\t\t\t\t\t<\/div>\n\t\t<\/div>\n\t\t\t\t\t<\/div>\n\t\t<\/section>\n\t\t\t\t<\/div>\n\t\t","protected":false},"excerpt":{"rendered":"<p>Progression Informatikai Kft. \u00a0C\u00edm:\u202f \u202f\u00a0\u202f \u202f \u202f \u202f \u202f \u202f \u202f 1147 Budapest, L\u0151csei \u00fat 86.\u00a0 \u00a0E-mail:\u202f \u202f \u202f \u202f \u202f \u202f \u202f \u202f\u00a0 \u00a0\u00a0 \u00a0\u00a0 \u00a0\u00a0 \u00a0info@progression.hu\u00a0 \u00a0Telefon:\u202f \u202f<\/p>\n<p><a href=\"https:\/\/nova.progression.hu\/wpsite\/?page_id=196\" class=\"more-link\">Continue Reading<span class=\"screen-reader-text\">Kapcsolat<\/span><\/a><\/p>\n","protected":false},"author":1,"featured_media":0,"parent":0,"menu_order":0,"comment_status":"closed","ping_status":"closed","template":"","meta":{"footnotes":""},"class_list":["post-196","page","type-page","status-publish","hentry"],"_links":{"self":[{"href":"https:\/\/nova.progression.hu\/wpsite\/index.php?rest_route=\/wp\/v2\/pages\/196","targetHints":{"allow":["GET"]}}],"collection":[{"href":"https:\/\/nova.progression.hu\/wpsite\/index.php?rest_route=\/wp\/v2\/pages"}],"about":[{"href":"https:\/\/nova.progression.hu\/wpsite\/index.php?rest_route=\/wp\/v2\/types\/page"}],"author":[{"embeddable":true,"href":"https:\/\/nova.progression.hu\/wpsite\/index.php?rest_route=\/wp\/v2\/users\/1"}],"replies":[{"embeddable":true,"href":"https:\/\/nova.progression.hu\/wpsite\/index.php?rest_route=%2Fwp%2Fv2%2Fcomments&post=196"}],"version-history":[{"count":88,"href":"https:\/\/nova.progression.hu\/wpsite\/index.php?rest_route=\/wp\/v2\/pages\/196\/revisions"}],"predecessor-version":[{"id":2204,"href":"https:\/\/nova.progression.hu\/wpsite\/index.php?rest_route=\/wp\/v2\/pages\/196\/revisions\/2204"}],"wp:attachment":[{"href":"https:\/\/nova.progression.hu\/wpsite\/index.php?rest_route=%2Fwp%2Fv2%2Fmedia&parent=196"}],"curies":[{"name":"wp","href":"https:\/\/api.w.org\/{rel}","templated":true}]}}