{"id":212,"date":"2021-08-22T11:02:23","date_gmt":"2021-08-22T11:02:23","guid":{"rendered":"https:\/\/nova.progression.hu\/wpsite\/?page_id=212"},"modified":"2021-11-18T10:00:12","modified_gmt":"2021-11-18T10:00:12","slug":"minosegpolitikank","status":"publish","type":"page","link":"https:\/\/nova.progression.hu\/wpsite\/?page_id=212","title":{"rendered":"Min\u0151s\u00e9gpolitik\u00e1nk"},"content":{"rendered":"\t\t<div data-elementor-type=\"wp-page\" data-elementor-id=\"212\" class=\"elementor elementor-212\">\n\t\t\t\t\t\t<section class=\"elementor-section elementor-top-section elementor-element elementor-element-aa3dccb elementor-section-boxed elementor-section-height-default elementor-section-height-default\" data-id=\"aa3dccb\" data-element_type=\"section\" data-e-type=\"section\">\n\t\t\t\t\t\t<div class=\"elementor-container elementor-column-gap-default\">\n\t\t\t\t\t<div class=\"elementor-column elementor-col-100 elementor-top-column elementor-element elementor-element-ab9d0a3\" data-id=\"ab9d0a3\" data-element_type=\"column\" data-e-type=\"column\">\n\t\t\t<div class=\"elementor-widget-wrap elementor-element-populated\">\n\t\t\t\t\t\t<div class=\"elementor-element elementor-element-a9b0ab5 elementor-widget elementor-widget-heading\" data-id=\"a9b0ab5\" data-element_type=\"widget\" data-e-type=\"widget\" data-widget_type=\"heading.default\">\n\t\t\t\t<div class=\"elementor-widget-container\">\n\t\t\t\t\t<h1 class=\"elementor-heading-title elementor-size-default\">A Progression Kft. sz\u00e1m\u00e1ra a min\u0151s\u00e9g 3 f\u0151 \u00e9rt\u00e9kben fejez\u0151dik ki:<br><\/h1>\t\t\t\t<\/div>\n\t\t\t\t<\/div>\n\t\t\t\t\t<\/div>\n\t\t<\/div>\n\t\t\t\t\t<\/div>\n\t\t<\/section>\n\t\t\t\t<section class=\"elementor-section elementor-top-section elementor-element elementor-element-3e2d9e7 elementor-section-boxed elementor-section-height-default elementor-section-height-default elementor-invisible\" data-id=\"3e2d9e7\" data-element_type=\"section\" data-e-type=\"section\" data-settings=\"{&quot;animation&quot;:&quot;fadeInUp&quot;}\">\n\t\t\t\t\t\t<div class=\"elementor-container elementor-column-gap-default\">\n\t\t\t\t\t<div class=\"elementor-column elementor-col-33 elementor-top-column elementor-element elementor-element-a23c246\" data-id=\"a23c246\" data-element_type=\"column\" data-e-type=\"column\">\n\t\t\t<div class=\"elementor-widget-wrap elementor-element-populated\">\n\t\t\t\t\t\t<div class=\"elementor-element elementor-element-65a6770 elementor-widget elementor-widget-heading\" data-id=\"65a6770\" data-element_type=\"widget\" data-e-type=\"widget\" data-widget_type=\"heading.default\">\n\t\t\t\t<div class=\"elementor-widget-container\">\n\t\t\t\t\t<h4 class=\"elementor-heading-title elementor-size-default\">EL\u00c9GEDETT \u00dcGYFELEK<\/h4>\t\t\t\t<\/div>\n\t\t\t\t<\/div>\n\t\t\t\t\t<\/div>\n\t\t<\/div>\n\t\t\t\t<div class=\"elementor-column elementor-col-33 elementor-top-column elementor-element elementor-element-9393088\" data-id=\"9393088\" data-element_type=\"column\" data-e-type=\"column\">\n\t\t\t<div class=\"elementor-widget-wrap elementor-element-populated\">\n\t\t\t\t\t\t<div class=\"elementor-element elementor-element-b068e1b elementor-widget elementor-widget-heading\" data-id=\"b068e1b\" data-element_type=\"widget\" data-e-type=\"widget\" data-widget_type=\"heading.default\">\n\t\t\t\t<div class=\"elementor-widget-container\">\n\t\t\t\t\t<h4 class=\"elementor-heading-title elementor-size-default\">EL\u00c9GEDETT MUNKAT\u00c1RSAK<\/h4>\t\t\t\t<\/div>\n\t\t\t\t<\/div>\n\t\t\t\t\t<\/div>\n\t\t<\/div>\n\t\t\t\t<div class=\"elementor-column elementor-col-33 elementor-top-column elementor-element elementor-element-7534447\" data-id=\"7534447\" data-element_type=\"column\" data-e-type=\"column\">\n\t\t\t<div class=\"elementor-widget-wrap elementor-element-populated\">\n\t\t\t\t\t\t<div class=\"elementor-element elementor-element-c7c129c elementor-widget elementor-widget-heading\" data-id=\"c7c129c\" data-element_type=\"widget\" data-e-type=\"widget\" data-widget_type=\"heading.default\">\n\t\t\t\t<div class=\"elementor-widget-container\">\n\t\t\t\t\t<h4 class=\"elementor-heading-title elementor-size-default\">EL\u00c9GEDETT TULAJDONOSOK<\/h4>\t\t\t\t<\/div>\n\t\t\t\t<\/div>\n\t\t\t\t\t<\/div>\n\t\t<\/div>\n\t\t\t\t\t<\/div>\n\t\t<\/section>\n\t\t\t\t<section class=\"elementor-section elementor-top-section elementor-element elementor-element-36220aa elementor-section-boxed elementor-section-height-default elementor-section-height-default elementor-invisible\" data-id=\"36220aa\" data-element_type=\"section\" data-e-type=\"section\" data-settings=\"{&quot;animation&quot;:&quot;fadeInUp&quot;}\">\n\t\t\t\t\t\t<div class=\"elementor-container elementor-column-gap-default\">\n\t\t\t\t\t<div class=\"elementor-column elementor-col-33 elementor-top-column elementor-element elementor-element-b03af13\" data-id=\"b03af13\" data-element_type=\"column\" data-e-type=\"column\">\n\t\t\t<div class=\"elementor-widget-wrap elementor-element-populated\">\n\t\t\t\t\t\t<div class=\"elementor-element elementor-element-1e20901 elementor-view-default elementor-widget elementor-widget-icon\" data-id=\"1e20901\" data-element_type=\"widget\" data-e-type=\"widget\" data-widget_type=\"icon.default\">\n\t\t\t\t<div class=\"elementor-widget-container\">\n\t\t\t\t\t\t\t<div class=\"elementor-icon-wrapper\">\n\t\t\t<div class=\"elementor-icon\">\n\t\t\t<i aria-hidden=\"true\" class=\"fas fa-people-arrows\"><\/i>\t\t\t<\/div>\n\t\t<\/div>\n\t\t\t\t\t\t<\/div>\n\t\t\t\t<\/div>\n\t\t\t\t\t<\/div>\n\t\t<\/div>\n\t\t\t\t<div class=\"elementor-column elementor-col-33 elementor-top-column elementor-element elementor-element-3ff66f7\" data-id=\"3ff66f7\" data-element_type=\"column\" data-e-type=\"column\">\n\t\t\t<div class=\"elementor-widget-wrap elementor-element-populated\">\n\t\t\t\t\t\t<div class=\"elementor-element elementor-element-260de74 elementor-view-default elementor-widget elementor-widget-icon\" data-id=\"260de74\" data-element_type=\"widget\" data-e-type=\"widget\" data-widget_type=\"icon.default\">\n\t\t\t\t<div class=\"elementor-widget-container\">\n\t\t\t\t\t\t\t<div class=\"elementor-icon-wrapper\">\n\t\t\t<div class=\"elementor-icon\">\n\t\t\t<i aria-hidden=\"true\" class=\"fas fa-user-check\"><\/i>\t\t\t<\/div>\n\t\t<\/div>\n\t\t\t\t\t\t<\/div>\n\t\t\t\t<\/div>\n\t\t\t\t\t<\/div>\n\t\t<\/div>\n\t\t\t\t<div class=\"elementor-column elementor-col-33 elementor-top-column elementor-element elementor-element-2bc5894\" data-id=\"2bc5894\" data-element_type=\"column\" data-e-type=\"column\">\n\t\t\t<div class=\"elementor-widget-wrap elementor-element-populated\">\n\t\t\t\t\t\t<div class=\"elementor-element elementor-element-f63df18 elementor-view-default elementor-widget elementor-widget-icon\" data-id=\"f63df18\" data-element_type=\"widget\" data-e-type=\"widget\" data-widget_type=\"icon.default\">\n\t\t\t\t<div class=\"elementor-widget-container\">\n\t\t\t\t\t\t\t<div class=\"elementor-icon-wrapper\">\n\t\t\t<div class=\"elementor-icon\">\n\t\t\t<i aria-hidden=\"true\" class=\"fas fa-user-tie\"><\/i>\t\t\t<\/div>\n\t\t<\/div>\n\t\t\t\t\t\t<\/div>\n\t\t\t\t<\/div>\n\t\t\t\t\t<\/div>\n\t\t<\/div>\n\t\t\t\t\t<\/div>\n\t\t<\/section>\n\t\t\t\t<section class=\"elementor-section elementor-top-section elementor-element elementor-element-e943b5d elementor-section-boxed elementor-section-height-default elementor-section-height-default elementor-invisible\" data-id=\"e943b5d\" data-element_type=\"section\" data-e-type=\"section\" data-settings=\"{&quot;animation&quot;:&quot;fadeInUp&quot;}\">\n\t\t\t\t\t\t<div class=\"elementor-container elementor-column-gap-default\">\n\t\t\t\t\t<div class=\"elementor-column elementor-col-33 elementor-top-column elementor-element elementor-element-0c573d4\" data-id=\"0c573d4\" data-element_type=\"column\" data-e-type=\"column\">\n\t\t\t<div class=\"elementor-widget-wrap elementor-element-populated\">\n\t\t\t\t\t\t<div class=\"elementor-element elementor-element-505a360 elementor-widget elementor-widget-text-editor\" data-id=\"505a360\" data-element_type=\"widget\" data-e-type=\"widget\" data-widget_type=\"text-editor.default\">\n\t\t\t\t<div class=\"elementor-widget-container\">\n\t\t\t\t\t\t\t\t\t<p style=\"text-align: justify;\">\u00dcgyfeleinkkel szorosan egy\u00fcttm\u0171k\u00f6dve dolgozunk, \u00e9s testre szabott megold\u00e1sokat k\u00edn\u00e1lunk. Munk\u00e1nk sor\u00e1n t\u00f6reksz\u00fcnk a megrendel\u0151i ig\u00e9nyek lehet\u0151 legpontosabb felm\u00e9r\u00e9s\u00e9re, azok kiel\u00e9g\u00edt\u00e9s\u00e9re, majd <span class=\"TextRun BCX0 SCXW196760162\" lang=\"HU-HU\" xml:lang=\"HU-HU\" data-contrast=\"auto\"><span class=\"NormalTextRun BCX0 SCXW196760162\">szolg\u00e1ltat\u00e1saink folyamatos ellen\u0151rz\u00e9s\u00e9re a megszokott magas sz\u00ednvonal megtart\u00e1s\u00e1val, valamint<\/span><\/span> a szerz\u0151d\u00e9sben v\u00e1llalt felt\u00e9telek maxim\u00e1lis teljes\u00edt\u00e9s\u00e9vel.<\/p>\t\t\t\t\t\t\t\t<\/div>\n\t\t\t\t<\/div>\n\t\t\t\t\t<\/div>\n\t\t<\/div>\n\t\t\t\t<div class=\"elementor-column elementor-col-33 elementor-top-column elementor-element elementor-element-b76904a\" data-id=\"b76904a\" data-element_type=\"column\" data-e-type=\"column\">\n\t\t\t<div class=\"elementor-widget-wrap elementor-element-populated\">\n\t\t\t\t\t\t<div class=\"elementor-element elementor-element-4ca2abf elementor-widget elementor-widget-text-editor\" data-id=\"4ca2abf\" data-element_type=\"widget\" data-e-type=\"widget\" data-widget_type=\"text-editor.default\">\n\t\t\t\t<div class=\"elementor-widget-container\">\n\t\t\t\t\t\t\t\t\t<p style=\"text-align: justify;\">Legfontosabb t\u0151k\u00e9nket koll\u00e9g\u00e1ink jelentik: hozz\u00e1\u00e9rt\u00e9s\u00fck, \u00f6n\u00e1ll\u00f3s\u00e1guk, kreativit\u00e1suk, teljes\u00edtm\u00e9nyk\u00f6zpont\u00fa gondolkod\u00e1sm\u00f3djuk. Sikereink titka &#8211; \u00e9s egyben fejl\u0151d\u00e9s\u00fcnk alapja &#8211; a szervezeti kult\u00far\u00e1nk. <span class=\"TextRun BCX0 SCXW170057280\" lang=\"HU-HU\" xml:lang=\"HU-HU\" data-contrast=\"auto\"><span class=\"NormalTextRun BCX0 SCXW170057280\">Hissz\u00fck, hogy a kiv\u00e1l\u00f3 min\u0151s\u00e9g\u0171 szolg\u00e1ltat\u00e1s csak magasan kvalifik\u00e1lt, \u00e1lland\u00f3an fejl\u0151dni k\u00e9pes, motiv\u00e1lt \u00e9s c\u00e9g\u00fck ir\u00e1nt elk\u00f6telezett munkat\u00e1rsakkal val\u00f3s\u00edthat\u00f3 meg, ez\u00e9rt szakmai k\u00e9pz\u00e9sek \u00e9s az infrastrukt\u00fara biztos\u00edt\u00e1sa alapvet\u0151 v\u00e1llalatunkban.<\/span><\/span><span class=\"LineBreakBlob BlobObject DragDrop BCX0 SCXW170057280\"><span class=\"BCX0 SCXW170057280\">\u00a0<\/span><br class=\"BCX0 SCXW170057280\" \/><\/span><\/p>\t\t\t\t\t\t\t\t<\/div>\n\t\t\t\t<\/div>\n\t\t\t\t\t<\/div>\n\t\t<\/div>\n\t\t\t\t<div class=\"elementor-column elementor-col-33 elementor-top-column elementor-element elementor-element-e55474b\" data-id=\"e55474b\" data-element_type=\"column\" data-e-type=\"column\">\n\t\t\t<div class=\"elementor-widget-wrap elementor-element-populated\">\n\t\t\t\t\t\t<div class=\"elementor-element elementor-element-00cd7c3 elementor-widget elementor-widget-text-editor\" data-id=\"00cd7c3\" data-element_type=\"widget\" data-e-type=\"widget\" data-widget_type=\"text-editor.default\">\n\t\t\t\t<div class=\"elementor-widget-container\">\n\t\t\t\t\t\t\t\t\t<p style=\"text-align: justify;\">Munk\u00e1nk eredm\u00e9nyek\u00e9nt k\u00e9pesek vagyunk arra, hogy versenyt\u00e1rsaink k\u00f6z\u00f6tt vezet\u0151 piaci poz\u00edci\u00f3t t\u00f6lts\u00fcnk be. Meggy\u0151z\u0151d\u00e9s\u00fcnk, hogy a magas sz\u00ednvonal\u00fa szolg\u00e1ltat\u00e1s, az el\u00e9gedett \u00fcgyfelek \u00e9s a hat\u00e9kony, motiv\u00e1lt munkat\u00e1rsak magukban hordozz\u00e1k a tulajdonos \u00e1ltal elv\u00e1rt \u00fczleti c\u00e9lok teljes\u00fcl\u00e9s\u00e9t is.<span class=\"LineBreakBlob BlobObject DragDrop BCX0 SCXW170057280\"><span class=\"BCX0 SCXW170057280\">\u00a0<\/span><br class=\"BCX0 SCXW170057280\" \/><\/span><\/p>\t\t\t\t\t\t\t\t<\/div>\n\t\t\t\t<\/div>\n\t\t\t\t\t<\/div>\n\t\t<\/div>\n\t\t\t\t\t<\/div>\n\t\t<\/section>\n\t\t\t\t<\/div>\n\t\t","protected":false},"excerpt":{"rendered":"<p>A Progression Kft. sz\u00e1m\u00e1ra a min\u0151s\u00e9g 3 f\u0151 \u00e9rt\u00e9kben fejez\u0151dik ki: EL\u00c9GEDETT \u00dcGYFELEK EL\u00c9GEDETT MUNKAT\u00c1RSAK EL\u00c9GEDETT TULAJDONOSOK \u00dcgyfeleinkkel szorosan egy\u00fcttm\u0171k\u00f6dve dolgozunk, \u00e9s testre szabott megold\u00e1sokat k\u00edn\u00e1lunk. Munk\u00e1nk sor\u00e1n t\u00f6reksz\u00fcnk a<\/p>\n<p><a href=\"https:\/\/nova.progression.hu\/wpsite\/?page_id=212\" class=\"more-link\">Continue Reading<span class=\"screen-reader-text\">Min\u0151s\u00e9gpolitik\u00e1nk<\/span><\/a><\/p>\n","protected":false},"author":1,"featured_media":0,"parent":0,"menu_order":0,"comment_status":"closed","ping_status":"closed","template":"","meta":{"footnotes":""},"class_list":["post-212","page","type-page","status-publish","hentry"],"_links":{"self":[{"href":"https:\/\/nova.progression.hu\/wpsite\/index.php?rest_route=\/wp\/v2\/pages\/212","targetHints":{"allow":["GET"]}}],"collection":[{"href":"https:\/\/nova.progression.hu\/wpsite\/index.php?rest_route=\/wp\/v2\/pages"}],"about":[{"href":"https:\/\/nova.progression.hu\/wpsite\/index.php?rest_route=\/wp\/v2\/types\/page"}],"author":[{"embeddable":true,"href":"https:\/\/nova.progression.hu\/wpsite\/index.php?rest_route=\/wp\/v2\/users\/1"}],"replies":[{"embeddable":true,"href":"https:\/\/nova.progression.hu\/wpsite\/index.php?rest_route=%2Fwp%2Fv2%2Fcomments&post=212"}],"version-history":[{"count":88,"href":"https:\/\/nova.progression.hu\/wpsite\/index.php?rest_route=\/wp\/v2\/pages\/212\/revisions"}],"predecessor-version":[{"id":1999,"href":"https:\/\/nova.progression.hu\/wpsite\/index.php?rest_route=\/wp\/v2\/pages\/212\/revisions\/1999"}],"wp:attachment":[{"href":"https:\/\/nova.progression.hu\/wpsite\/index.php?rest_route=%2Fwp%2Fv2%2Fmedia&parent=212"}],"curies":[{"name":"wp","href":"https:\/\/api.w.org\/{rel}","templated":true}]}}