{"id":26,"date":"2021-06-06T17:53:56","date_gmt":"2021-06-06T17:53:56","guid":{"rendered":"https:\/\/nova.progression.hu\/wpsite\/?page_id=26"},"modified":"2021-11-19T14:52:09","modified_gmt":"2021-11-19T14:52:09","slug":"szolgaltatasaink","status":"publish","type":"page","link":"https:\/\/nova.progression.hu\/wpsite\/?page_id=26","title":{"rendered":"Szolg\u00e1ltat\u00e1saink"},"content":{"rendered":"\t\t<div data-elementor-type=\"wp-page\" data-elementor-id=\"26\" class=\"elementor elementor-26\">\n\t\t\t\t\t\t<section class=\"elementor-section elementor-top-section elementor-element elementor-element-7e7c9b7 elementor-section-full_width elementor-section-height-default elementor-section-height-default elementor-invisible\" data-id=\"7e7c9b7\" data-element_type=\"section\" data-e-type=\"section\" data-settings=\"{&quot;animation&quot;:&quot;fadeInUp&quot;}\">\n\t\t\t\t\t\t\t<div class=\"elementor-background-overlay\"><\/div>\n\t\t\t\t\t\t\t<div class=\"elementor-container elementor-column-gap-default\">\n\t\t\t\t\t<div class=\"elementor-column elementor-col-100 elementor-top-column elementor-element elementor-element-4126050 elementor-invisible\" data-id=\"4126050\" data-element_type=\"column\" data-e-type=\"column\" data-settings=\"{&quot;animation&quot;:&quot;fadeInUp&quot;}\">\n\t\t\t<div class=\"elementor-widget-wrap elementor-element-populated\">\n\t\t\t\t\t\t<div class=\"elementor-element elementor-element-da52a66 elementor-widget elementor-widget-heading\" data-id=\"da52a66\" data-element_type=\"widget\" data-e-type=\"widget\" data-widget_type=\"heading.default\">\n\t\t\t\t<div class=\"elementor-widget-container\">\n\t\t\t\t\t<h2 class=\"elementor-heading-title elementor-size-default\">Szolg\u00e1ltat\u00e1saink: <\/h2>\t\t\t\t<\/div>\n\t\t\t\t<\/div>\n\t\t\t\t<div class=\"elementor-element elementor-element-e223fed elementor-widget elementor-widget-spacer\" data-id=\"e223fed\" data-element_type=\"widget\" data-e-type=\"widget\" data-widget_type=\"spacer.default\">\n\t\t\t\t<div class=\"elementor-widget-container\">\n\t\t\t\t\t\t\t<div class=\"elementor-spacer\">\n\t\t\t<div class=\"elementor-spacer-inner\"><\/div>\n\t\t<\/div>\n\t\t\t\t\t\t<\/div>\n\t\t\t\t<\/div>\n\t\t\t\t<div class=\"elementor-element elementor-element-f3fdd7e elementor-widget elementor-widget-text-editor\" data-id=\"f3fdd7e\" data-element_type=\"widget\" data-e-type=\"widget\" data-widget_type=\"text-editor.default\">\n\t\t\t\t<div class=\"elementor-widget-container\">\n\t\t\t\t\t\t\t\t\t<p>A Progression Informatikai Kft. g\u00e9pj\u00e1rm\u0171 kereskedelmi, import\u0151ri, \u00fcgyviteli, k\u00f6nyvviteli szoftverek fejleszt\u00e9s\u00e9vel, \u00e9s \u00e9rt\u00e9kes\u00edt\u00e9s\u00e9vel foglalkozik. V\u00e1llalatunk teljes k\u00f6r\u0171 szolg\u00e1ltat\u00e1st ny\u00fajt a tan\u00e1csad\u00e1s, a rendszer tervez\u00e9s, install\u00e1l\u00e1s \u00e9s fejleszt\u00e9s ter\u00fclet\u00e9n. Rendelkez\u00fcnk minden sz\u00fcks\u00e9ges infrastrukt\u00far\u00e1val &#8211; bele\u00e9rtve a hum\u00e1n t\u0151k\u00e9t \u00e9s a technol\u00f3gi\u00e1t is -, hogy \u00d6nnek a lehet\u0151 legjobb, testre szabott megold\u00e1st biztos\u00edtsuk.<\/p>\t\t\t\t\t\t\t\t<\/div>\n\t\t\t\t<\/div>\n\t\t\t\t<section class=\"elementor-section elementor-inner-section elementor-element elementor-element-1055465 elementor-section-full_width elementor-section-height-default elementor-section-height-default\" data-id=\"1055465\" data-element_type=\"section\" data-e-type=\"section\" data-settings=\"{&quot;background_background&quot;:&quot;classic&quot;}\">\n\t\t\t\t\t\t<div class=\"elementor-container elementor-column-gap-default\">\n\t\t\t\t\t<div class=\"elementor-column elementor-col-100 elementor-inner-column elementor-element elementor-element-b1f5ebc\" data-id=\"b1f5ebc\" data-element_type=\"column\" data-e-type=\"column\" data-settings=\"{&quot;background_background&quot;:&quot;classic&quot;}\">\n\t\t\t<div class=\"elementor-widget-wrap elementor-element-populated\">\n\t\t\t\t\t\t<div class=\"elementor-element elementor-element-7cef91a elementor-widget elementor-widget-heading\" data-id=\"7cef91a\" data-element_type=\"widget\" data-e-type=\"widget\" data-widget_type=\"heading.default\">\n\t\t\t\t<div class=\"elementor-widget-container\">\n\t\t\t\t\t<h4 class=\"elementor-heading-title elementor-size-default\">Az al\u00e1bbi sz\u00e9lesk\u00f6r\u0171 szolg\u00e1ltat\u00e1sokkal \u00e1llunk rendelkez\u00e9s\u00e9re:<\/h4>\t\t\t\t<\/div>\n\t\t\t\t<\/div>\n\t\t\t\t<div class=\"elementor-element elementor-element-cb4cc0d elementor-widget elementor-widget-text-editor\" data-id=\"cb4cc0d\" data-element_type=\"widget\" data-e-type=\"widget\" data-widget_type=\"text-editor.default\">\n\t\t\t\t<div class=\"elementor-widget-container\">\n\t\t\t\t\t\t\t\t\t<ul><li>szoftverek \u00e9rt\u00e9kes\u00edt\u00e9se, m\u00f3dos\u00edt\u00e1sa, karbantart\u00e1sa, \u00fczemeltet\u00e9se,<\/li><li>egyedi szoftverek fejleszt\u00e9se,<\/li><li>szoftvereink alkalmaz\u00e1s\u00e1hoz kapcsol\u00f3d\u00f3 szaktan\u00e1csad\u00e1s,<\/li><li>sz\u00e1m\u00edt\u00f3g\u00e9pes rendszer kialak\u00edt\u00e1sa,<\/li><li>rendszertervez\u00e9s &#8211; szervez\u00e9s,<\/li><li>programfejleszt\u00e9s \u00e9s adapt\u00e1l\u00e1s,<\/li><li>rendszertelep\u00edt\u00e9s,<\/li><li>oktat\u00e1s \u00e9s betan\u00edt\u00e1s,<\/li><li>rendszerk\u00f6vet\u00e9s, rendszerkarbantart\u00e1s,<\/li><li>inform\u00e1ci\u00f3s rendszer tervez\u00e9se,<\/li><li>\u00fcgyviteli, p\u00e9nz\u00fcgyi tev\u00e9kenys\u00e9g sz\u00e1m\u00edt\u00f3g\u00e9pes optimaliz\u00e1l\u00e1sa,<\/li><li>internetes alkalmaz\u00e1sok k\u00e9sz\u00edt\u00e9se.<\/li><\/ul>\t\t\t\t\t\t\t\t<\/div>\n\t\t\t\t<\/div>\n\t\t\t\t\t<\/div>\n\t\t<\/div>\n\t\t\t\t\t<\/div>\n\t\t<\/section>\n\t\t\t\t\t<\/div>\n\t\t<\/div>\n\t\t\t\t\t<\/div>\n\t\t<\/section>\n\t\t\t\t<section class=\"elementor-section elementor-top-section elementor-element elementor-element-3dedd04 elementor-section-boxed elementor-section-height-default elementor-section-height-default elementor-invisible\" data-id=\"3dedd04\" data-element_type=\"section\" data-e-type=\"section\" data-settings=\"{&quot;animation&quot;:&quot;fadeInUp&quot;}\">\n\t\t\t\t\t\t<div class=\"elementor-container elementor-column-gap-default\">\n\t\t\t\t\t<div class=\"elementor-column elementor-col-100 elementor-top-column elementor-element elementor-element-7f494ac\" data-id=\"7f494ac\" data-element_type=\"column\" data-e-type=\"column\">\n\t\t\t<div class=\"elementor-widget-wrap elementor-element-populated\">\n\t\t\t\t\t\t<div class=\"elementor-element elementor-element-0caa61d elementor-widget elementor-widget-spacer\" data-id=\"0caa61d\" data-element_type=\"widget\" data-e-type=\"widget\" data-widget_type=\"spacer.default\">\n\t\t\t\t<div class=\"elementor-widget-container\">\n\t\t\t\t\t\t\t<div class=\"elementor-spacer\">\n\t\t\t<div class=\"elementor-spacer-inner\"><\/div>\n\t\t<\/div>\n\t\t\t\t\t\t<\/div>\n\t\t\t\t<\/div>\n\t\t\t\t<div class=\"elementor-element elementor-element-8929aa2 elementor-widget elementor-widget-heading\" data-id=\"8929aa2\" data-element_type=\"widget\" data-e-type=\"widget\" data-widget_type=\"heading.default\">\n\t\t\t\t<div class=\"elementor-widget-container\">\n\t\t\t\t\t<h4 class=\"elementor-heading-title elementor-size-default\">Az \u00fcgyfeleink r\u00e9sz\u00e9re \u00e9rt\u00e9kes\u00edtett rendszerekre a k\u00f6vetkez\u0151ket aj\u00e1nljuk:<\/h4>\t\t\t\t<\/div>\n\t\t\t\t<\/div>\n\t\t\t\t<section class=\"elementor-section elementor-inner-section elementor-element elementor-element-8cd4d19 elementor-section-boxed elementor-section-height-default elementor-section-height-default\" data-id=\"8cd4d19\" data-element_type=\"section\" data-e-type=\"section\">\n\t\t\t\t\t\t<div class=\"elementor-container elementor-column-gap-default\">\n\t\t\t\t\t<div class=\"elementor-column elementor-col-100 elementor-inner-column elementor-element elementor-element-fb34e01\" data-id=\"fb34e01\" data-element_type=\"column\" data-e-type=\"column\">\n\t\t\t<div class=\"elementor-widget-wrap elementor-element-populated\">\n\t\t\t\t\t\t<div class=\"elementor-element elementor-element-c83650e elementor-widget elementor-widget-text-editor\" data-id=\"c83650e\" data-element_type=\"widget\" data-e-type=\"widget\" data-widget_type=\"text-editor.default\">\n\t\t\t\t<div class=\"elementor-widget-container\">\n\t\t\t\t\t\t\t\t\t<ul><li>felhaszn\u00e1l\u00f3i tal\u00e1lkoz\u00f3k szervez\u00e9se,<\/li><li>online ticketing rendszer,<\/li><li>telefonos seg\u00edts\u00e9gny\u00fajt\u00e1s munkaid\u0151ben,<\/li><li>megl\u00e9v\u0151 adatb\u00e1zisok konvert\u00e1l\u00e1sa az \u00faj rendszerbe (lehet\u0151s\u00e9g szerint),<\/li><li>a megv\u00e1s\u00e1rolt rendszerek tov\u00e1bbfejleszt\u00e9se egyedi ig\u00e9nyek alapj\u00e1n,<\/li><li>egyedi interf\u00e9szek fejleszt\u00e9se k\u00fcls\u0151 informatikai rendszerekhez,<\/li><li>jogszab\u00e1lyk\u00f6vet\u00e9s,<\/li><li>folyamatos verzi\u00f3friss\u00edt\u00e9s,<\/li><li>online \u00e9s helysz\u00edni hibaelh\u00e1r\u00edt\u00e1s.<\/li><\/ul>\t\t\t\t\t\t\t\t<\/div>\n\t\t\t\t<\/div>\n\t\t\t\t<div class=\"elementor-element elementor-element-5f2b600 elementor-widget elementor-widget-spacer\" data-id=\"5f2b600\" data-element_type=\"widget\" data-e-type=\"widget\" data-widget_type=\"spacer.default\">\n\t\t\t\t<div class=\"elementor-widget-container\">\n\t\t\t\t\t\t\t<div class=\"elementor-spacer\">\n\t\t\t<div class=\"elementor-spacer-inner\"><\/div>\n\t\t<\/div>\n\t\t\t\t\t\t<\/div>\n\t\t\t\t<\/div>\n\t\t\t\t\t<\/div>\n\t\t<\/div>\n\t\t\t\t\t<\/div>\n\t\t<\/section>\n\t\t\t\t\t<\/div>\n\t\t<\/div>\n\t\t\t\t\t<\/div>\n\t\t<\/section>\n\t\t\t\t<\/div>\n\t\t","protected":false},"excerpt":{"rendered":"<p>Szolg\u00e1ltat\u00e1saink: A Progression Informatikai Kft. g\u00e9pj\u00e1rm\u0171 kereskedelmi, import\u0151ri, \u00fcgyviteli, k\u00f6nyvviteli szoftverek fejleszt\u00e9s\u00e9vel, \u00e9s \u00e9rt\u00e9kes\u00edt\u00e9s\u00e9vel foglalkozik. V\u00e1llalatunk teljes k\u00f6r\u0171 szolg\u00e1ltat\u00e1st ny\u00fajt a tan\u00e1csad\u00e1s, a rendszer tervez\u00e9s, install\u00e1l\u00e1s \u00e9s fejleszt\u00e9s ter\u00fclet\u00e9n. Rendelkez\u00fcnk<\/p>\n<p><a href=\"https:\/\/nova.progression.hu\/wpsite\/?page_id=26\" class=\"more-link\">Continue Reading<span class=\"screen-reader-text\">Szolg\u00e1ltat\u00e1saink<\/span><\/a><\/p>\n","protected":false},"author":1,"featured_media":0,"parent":0,"menu_order":0,"comment_status":"closed","ping_status":"closed","template":"","meta":{"footnotes":""},"class_list":["post-26","page","type-page","status-publish","hentry"],"_links":{"self":[{"href":"https:\/\/nova.progression.hu\/wpsite\/index.php?rest_route=\/wp\/v2\/pages\/26","targetHints":{"allow":["GET"]}}],"collection":[{"href":"https:\/\/nova.progression.hu\/wpsite\/index.php?rest_route=\/wp\/v2\/pages"}],"about":[{"href":"https:\/\/nova.progression.hu\/wpsite\/index.php?rest_route=\/wp\/v2\/types\/page"}],"author":[{"embeddable":true,"href":"https:\/\/nova.progression.hu\/wpsite\/index.php?rest_route=\/wp\/v2\/users\/1"}],"replies":[{"embeddable":true,"href":"https:\/\/nova.progression.hu\/wpsite\/index.php?rest_route=%2Fwp%2Fv2%2Fcomments&post=26"}],"version-history":[{"count":155,"href":"https:\/\/nova.progression.hu\/wpsite\/index.php?rest_route=\/wp\/v2\/pages\/26\/revisions"}],"predecessor-version":[{"id":2098,"href":"https:\/\/nova.progression.hu\/wpsite\/index.php?rest_route=\/wp\/v2\/pages\/26\/revisions\/2098"}],"wp:attachment":[{"href":"https:\/\/nova.progression.hu\/wpsite\/index.php?rest_route=%2Fwp%2Fv2%2Fmedia&parent=26"}],"curies":[{"name":"wp","href":"https:\/\/api.w.org\/{rel}","templated":true}]}}