{"id":5,"date":"2021-06-03T18:34:38","date_gmt":"2021-06-03T18:34:38","guid":{"rendered":"https:\/\/nova.progression.hu\/wpsite\/?page_id=5"},"modified":"2025-11-11T09:18:19","modified_gmt":"2025-11-11T09:18:19","slug":"home","status":"publish","type":"page","link":"https:\/\/nova.progression.hu\/wpsite\/","title":{"rendered":"C\u00e9g\u00fcnkr\u0151l"},"content":{"rendered":"\n<h2 class=\"wp-block-heading\"><\/h2>\n\n\n\n<h2 class=\"wp-block-heading\"><\/h2>\n\n\n\n<p><\/p>\n","protected":false},"excerpt":{"rendered":"","protected":false},"author":1,"featured_media":0,"parent":0,"menu_order":0,"comment_status":"closed","ping_status":"closed","template":"page-templates\/frontpage.php","meta":{"footnotes":""},"class_list":["post-5","page","type-page","status-publish","hentry"],"_links":{"self":[{"href":"https:\/\/nova.progression.hu\/wpsite\/index.php?rest_route=\/wp\/v2\/pages\/5","targetHints":{"allow":["GET"]}}],"collection":[{"href":"https:\/\/nova.progression.hu\/wpsite\/index.php?rest_route=\/wp\/v2\/pages"}],"about":[{"href":"https:\/\/nova.progression.hu\/wpsite\/index.php?rest_route=\/wp\/v2\/types\/page"}],"author":[{"embeddable":true,"href":"https:\/\/nova.progression.hu\/wpsite\/index.php?rest_route=\/wp\/v2\/users\/1"}],"replies":[{"embeddable":true,"href":"https:\/\/nova.progression.hu\/wpsite\/index.php?rest_route=%2Fwp%2Fv2%2Fcomments&post=5"}],"version-history":[{"count":4,"href":"https:\/\/nova.progression.hu\/wpsite\/index.php?rest_route=\/wp\/v2\/pages\/5\/revisions"}],"predecessor-version":[{"id":1093,"href":"https:\/\/nova.progression.hu\/wpsite\/index.php?rest_route=\/wp\/v2\/pages\/5\/revisions\/1093"}],"wp:attachment":[{"href":"https:\/\/nova.progression.hu\/wpsite\/index.php?rest_route=%2Fwp%2Fv2%2Fmedia&parent=5"}],"curies":[{"name":"wp","href":"https:\/\/api.w.org\/{rel}","templated":true}]}}